{"id":175,"date":"2018-09-17T18:35:38","date_gmt":"2018-09-17T16:35:38","guid":{"rendered":"http:\/\/avrilenseptembre.fr\/?page_id=175"},"modified":"2026-04-23T12:03:06","modified_gmt":"2026-04-23T10:03:06","slug":"avril-en-septembre","status":"publish","type":"page","link":"https:\/\/avrilenseptembre.fr\/index.php\/avril-en-septembre\/","title":{"rendered":"AES"},"content":{"rendered":"\t\t<div data-elementor-type=\"wp-post\" data-elementor-id=\"175\" class=\"elementor elementor-175\">\n\t\t\t\t\t\t<div class=\"elementor-inner\">\n\t\t\t\t<div class=\"elementor-section-wrap\">\n\t\t\t\t\t\t\t\t\t<section class=\"elementor-section elementor-top-section elementor-element elementor-element-28714c0 elementor-section-boxed elementor-section-height-default elementor-section-height-default\" data-id=\"28714c0\" data-element_type=\"section\">\n\t\t\t\t\t\t<div class=\"elementor-container elementor-column-gap-default\">\n\t\t\t\t\t\t\t<div class=\"elementor-row\">\n\t\t\t\t\t<div class=\"elementor-column elementor-col-100 elementor-top-column elementor-element elementor-element-468a11a\" data-id=\"468a11a\" data-element_type=\"column\">\n\t\t\t<div class=\"elementor-column-wrap elementor-element-populated\">\n\t\t\t\t\t\t\t<div class=\"elementor-widget-wrap\">\n\t\t\t\t\t\t<div class=\"elementor-element elementor-element-5efbb99 e-transform elementor-widget elementor-widget-heading\" data-id=\"5efbb99\" data-element_type=\"widget\" data-settings=\"{&quot;_transform_scale_effect&quot;:{&quot;unit&quot;:&quot;px&quot;,&quot;size&quot;:1.2,&quot;sizes&quot;:[]},&quot;_transform_scale_effect_tablet&quot;:{&quot;unit&quot;:&quot;px&quot;,&quot;size&quot;:&quot;&quot;,&quot;sizes&quot;:[]},&quot;_transform_scale_effect_mobile&quot;:{&quot;unit&quot;:&quot;px&quot;,&quot;size&quot;:&quot;&quot;,&quot;sizes&quot;:[]}}\" data-widget_type=\"heading.default\">\n\t\t\t\t<div class=\"elementor-widget-container\">\n\t\t\t<h5 class=\"elementor-heading-title elementor-size-medium\">CR\u00c9ATION - PRODUCTION - DIFFUSION<\/h5>\t\t<\/div>\n\t\t\t\t<\/div>\n\t\t\t\t<div class=\"elementor-element elementor-element-4e4b4b4 elementor-widget elementor-widget-text-editor\" data-id=\"4e4b4b4\" data-element_type=\"widget\" data-widget_type=\"text-editor.default\">\n\t\t\t\t<div class=\"elementor-widget-container\">\n\t\t\t\t\t\t\t\t<div class=\"elementor-text-editor elementor-clearfix\">\n\t\t\t\t<p style=\"text-align: center;\"><strong>En\u00a0Janvier 2007, Armelle H\u00e9din lance Avril en Septembre avec en ligne de mire trois valeurs phares : l\u2019exigence artistique, l\u2019\u00e9nergie collective et la convivialit\u00e9.<\/strong><em><br \/><\/em><br \/>Cette structure a permis l\u2019\u00e9mergence d\u2019une trentaine d\u2019artistes et de compagnies (Le Cabaret Extraordinaire, Yanowski, Le Moustache Po\u00e9sie Club, Maria Dolores, Immo \u2026) et propose actuellement 9 spectacles en tourn\u00e9e dans toute la France, ce qui repr\u00e9sente une quarantaine d\u2019artistes et de techniciens sur les routes.<\/p>\t\t\t\t\t<\/div>\n\t\t\t\t\t\t<\/div>\n\t\t\t\t<\/div>\n\t\t\t\t<div class=\"elementor-element elementor-element-28ca674 elementor-widget elementor-widget-heading\" data-id=\"28ca674\" data-element_type=\"widget\" data-widget_type=\"heading.default\">\n\t\t\t\t<div class=\"elementor-widget-container\">\n\t\t\t<h5 class=\"elementor-heading-title elementor-size-default\"><b>Aujourd\u2019hui, Avril en Septembre a 18 ans. C'est une entreprise \u00e0 \u00e9chelle humaine et \u00e0 l\u2019activit\u00e9 foisonnante !<\/b><\/h5>\t\t<\/div>\n\t\t\t\t<\/div>\n\t\t\t\t<div class=\"elementor-element elementor-element-32e27a2 elementor-widget elementor-widget-text-editor\" data-id=\"32e27a2\" data-element_type=\"widget\" data-settings=\"{&quot;_animation&quot;:&quot;none&quot;}\" data-widget_type=\"text-editor.default\">\n\t\t\t\t<div class=\"elementor-widget-container\">\n\t\t\t\t\t\t\t\t<div class=\"elementor-text-editor elementor-clearfix\">\n\t\t\t\t<p>Elle propose des spectacles\u00a0<strong>\u00e0 la crois\u00e9e des genres<\/strong> : du th\u00e9\u00e2tre musical aux spectacles d\u2019humour, du cirque, de la danse, \u00e0 la musique et du cabaret aux spectacles de rue. Port\u00e9s par des artistes g\u00e9n\u00e9reux qui ont su cr\u00e9er des formes atypiques et des univers hauts en couleur, ces spectacles ont tous en commun <strong>l\u2019humour, la po\u00e9sie et des imaginaires d\u00e9bordants<\/strong>.<\/p><p>Au fur et \u00e0 mesure des ann\u00e9es, notre d\u00e9sir de travailler avec <strong>des artistes qui font \u00e9cho aux probl\u00e9matiques de notre soci\u00e9t\u00e9 <\/strong>(avec simplicit\u00e9 et optimisme) s\u2019est fait toujours plus fort. Les spectacles que nous d\u00e9fendons vont au-del\u00e0 du divertissement pour traiter, subtilement ou plus frontalement, des questions telles que l\u2019\u00e9cologie, l&rsquo;\u00e9galit\u00e9, la libert\u00e9 ou encore la mixit\u00e9 sociale. <strong>Avril en Septembre tient \u00e0 diffuser des spectacles qui envoient valser les pr\u00e9jug\u00e9s, ouvrent des dialogues\u00a0et f\u00eatent les diff\u00e9rences<\/strong>.<strong><br \/><\/strong><\/p><p>Avril en Septembre est r\u00e9guli\u00e8rement soutenu par le\u00a0<a href=\"https:\/\/www.cnv.fr\/\">CNM<\/a>\u00a0et l\u2019ADAMI et b\u00e9n\u00e9ficie de la fid\u00e9lit\u00e9 de nombreux programmateurs.<\/p>\t\t\t\t\t<\/div>\n\t\t\t\t\t\t<\/div>\n\t\t\t\t<\/div>\n\t\t\t\t\t\t<\/div>\n\t\t\t\t\t<\/div>\n\t\t<\/div>\n\t\t\t\t\t\t\t\t<\/div>\n\t\t\t\t\t<\/div>\n\t\t<\/section>\n\t\t\t\t<section class=\"elementor-section elementor-top-section elementor-element elementor-element-13777ab elementor-section-boxed elementor-section-height-default elementor-section-height-default\" data-id=\"13777ab\" data-element_type=\"section\">\n\t\t\t\t\t\t<div class=\"elementor-container elementor-column-gap-default\">\n\t\t\t\t\t\t\t<div class=\"elementor-row\">\n\t\t\t\t\t<div class=\"elementor-column elementor-col-100 elementor-top-column elementor-element elementor-element-7e2b5c6\" data-id=\"7e2b5c6\" data-element_type=\"column\">\n\t\t\t<div class=\"elementor-column-wrap elementor-element-populated\">\n\t\t\t\t\t\t\t<div class=\"elementor-widget-wrap\">\n\t\t\t\t\t\t<div class=\"elementor-element elementor-element-b6d2166 e-transform elementor-widget elementor-widget-heading\" data-id=\"b6d2166\" data-element_type=\"widget\" data-settings=\"{&quot;_transform_scale_effect&quot;:{&quot;unit&quot;:&quot;px&quot;,&quot;size&quot;:1.2,&quot;sizes&quot;:[]},&quot;_transform_scale_effect_tablet&quot;:{&quot;unit&quot;:&quot;px&quot;,&quot;size&quot;:&quot;&quot;,&quot;sizes&quot;:[]},&quot;_transform_scale_effect_mobile&quot;:{&quot;unit&quot;:&quot;px&quot;,&quot;size&quot;:&quot;&quot;,&quot;sizes&quot;:[]}}\" data-widget_type=\"heading.default\">\n\t\t\t\t<div class=\"elementor-widget-container\">\n\t\t\t<h5 class=\"elementor-heading-title elementor-size-medium\">AVRIL EN SEPTEMBRE EN CHIFFRES<\/h5>\t\t<\/div>\n\t\t\t\t<\/div>\n\t\t\t\t<div class=\"elementor-element elementor-element-d1b661c elementor-widget elementor-widget-text-editor\" data-id=\"d1b661c\" data-element_type=\"widget\" data-widget_type=\"text-editor.default\">\n\t\t\t\t<div class=\"elementor-widget-container\">\n\t\t\t\t\t\t\t\t<div class=\"elementor-text-editor elementor-clearfix\">\n\t\t\t\t<p style=\"text-align: center;\"><strong>60 compagnies et 150 artistes accompagn\u00e9.e.s\u00a0<\/strong><em>Les Sea Girls, La Fran\u00e7aise de Comptages, Le Cirque des Mirages, Maria Dolores, Lou Casa, Anne Baquet, Yanowski, Le Moustache Po\u00e9sie Club, Immo, Khalid K, Ami Karim, Label Z, etc.<br \/><br \/><\/em><strong>80 spectacles produits et\/ou diffus\u00e9s<br \/><\/strong><strong>500 ateliers r\u00e9alis\u00e9s en milieu scolaire<br \/><\/strong><strong>220 saisons de tourn\u00e9e<br \/><\/strong><strong>6 500 levers de rideaux<br \/><\/strong><strong>2 800 000 spectateurs<br \/><br \/><\/strong><strong>20 productions aux Festivals d\u2019Avignon, d\u2019Aurillac, Chalon dans la Rue, et \u00e0 Paris (<\/strong><em>le Caf\u00e9 de la Danse, la Nouvelle Eve, l\u2019Europ\u00e9en, les Trois Baudets, la Salle Gaveau, le Tr\u00e9vise, le Studio de l\u2019Ermitage, le Bal Blomet)<\/em><\/p>\t\t\t\t\t<\/div>\n\t\t\t\t\t\t<\/div>\n\t\t\t\t<\/div>\n\t\t\t\t<div class=\"elementor-element elementor-element-ba2d587 elementor-widget elementor-widget-text-editor\" data-id=\"ba2d587\" data-element_type=\"widget\" data-widget_type=\"text-editor.default\">\n\t\t\t\t<div class=\"elementor-widget-container\">\n\t\t\t\t\t\t\t\t<div class=\"elementor-text-editor elementor-clearfix\">\n\t\t\t\t<p style=\"text-align: center;\"><b style=\"font-family: inherit; font-style: inherit;\"><strong>Ils et elles ont fait Avril en Septembre avec nous :<\/strong><\/b><span style=\"font-size: 12px;\"> Marie Lenoir, Am\u00e9lie Marchier, Jeanne Beaucamp, Ariane Goignard, Emma Boubeker, Chlo\u00e9 Ropert, Romain Primo-Papin, Ad\u00e8le No\u00ebl, Hugo Van Hemelryck, Charlotte Jacques, Antoine Allouchery.<\/span><\/p>\t\t\t\t\t<\/div>\n\t\t\t\t\t\t<\/div>\n\t\t\t\t<\/div>\n\t\t\t\t\t\t<\/div>\n\t\t\t\t\t<\/div>\n\t\t<\/div>\n\t\t\t\t\t\t\t\t<\/div>\n\t\t\t\t\t<\/div>\n\t\t<\/section>\n\t\t\t\t\t\t\t\t\t<\/div>\n\t\t\t<\/div>\n\t\t\t\t\t<\/div>\n\t\t","protected":false},"excerpt":{"rendered":"<p>CR\u00c9ATION &#8211; PRODUCTION &#8211; DIFFUSION En\u00a0Janvier 2007, Armelle H\u00e9din lance Avril en Septembre avec en ligne de mire trois valeurs phares : l\u2019exigence artistique, l\u2019\u00e9nergie collective et la convivialit\u00e9.Cette structure a permis l\u2019\u00e9mergence d\u2019une trentaine d\u2019artistes et de compagnies (Le Cabaret Extraordinaire, Yanowski, Le Moustache Po\u00e9sie Club, Maria Dolores, Immo \u2026) et propose actuellement 9 &hellip; <a href=\"https:\/\/avrilenseptembre.fr\/index.php\/avril-en-septembre\/\" class=\"more-link\">Continuer la lecture de <span class=\"screen-reader-text\">AES<\/span><\/a><\/p>\n","protected":false},"author":1,"featured_media":0,"parent":0,"menu_order":0,"comment_status":"closed","ping_status":"closed","template":"elementor_header_footer","meta":{"sfsi_plus_gutenberg_text_before_share":"","sfsi_plus_gutenberg_show_text_before_share":"","sfsi_plus_gutenberg_icon_type":"","sfsi_plus_gutenberg_icon_alignemt":"","sfsi_plus_gutenburg_max_per_row":"","_mi_skip_tracking":false,"_monsterinsights_sitenote_active":false,"_monsterinsights_sitenote_note":"","_monsterinsights_sitenote_category":0},"aioseo_notices":[],"_links":{"self":[{"href":"https:\/\/avrilenseptembre.fr\/index.php\/wp-json\/wp\/v2\/pages\/175"}],"collection":[{"href":"https:\/\/avrilenseptembre.fr\/index.php\/wp-json\/wp\/v2\/pages"}],"about":[{"href":"https:\/\/avrilenseptembre.fr\/index.php\/wp-json\/wp\/v2\/types\/page"}],"author":[{"embeddable":true,"href":"https:\/\/avrilenseptembre.fr\/index.php\/wp-json\/wp\/v2\/users\/1"}],"replies":[{"embeddable":true,"href":"https:\/\/avrilenseptembre.fr\/index.php\/wp-json\/wp\/v2\/comments?post=175"}],"version-history":[{"count":331,"href":"https:\/\/avrilenseptembre.fr\/index.php\/wp-json\/wp\/v2\/pages\/175\/revisions"}],"predecessor-version":[{"id":11499,"href":"https:\/\/avrilenseptembre.fr\/index.php\/wp-json\/wp\/v2\/pages\/175\/revisions\/11499"}],"wp:attachment":[{"href":"https:\/\/avrilenseptembre.fr\/index.php\/wp-json\/wp\/v2\/media?parent=175"}],"curies":[{"name":"wp","href":"https:\/\/api.w.org\/{rel}","templated":true}]}}