{"id":9061,"date":"2025-01-08T18:43:30","date_gmt":"2025-01-08T17:43:30","guid":{"rendered":"https:\/\/avrilenseptembre.fr\/?page_id=9061"},"modified":"2026-04-23T11:56:24","modified_gmt":"2026-04-23T09:56:24","slug":"offre-de-services","status":"publish","type":"page","link":"https:\/\/avrilenseptembre.fr\/index.php\/offre-de-services\/","title":{"rendered":"OFFRE DE SERVICES"},"content":{"rendered":"\t\t<div data-elementor-type=\"wp-post\" data-elementor-id=\"9061\" class=\"elementor elementor-9061\">\n\t\t\t\t\t\t<div class=\"elementor-inner\">\n\t\t\t\t<div class=\"elementor-section-wrap\">\n\t\t\t\t\t\t\t\t\t<section class=\"elementor-section elementor-top-section elementor-element elementor-element-28714c0 elementor-section-full_width elementor-section-height-default elementor-section-height-default\" data-id=\"28714c0\" data-element_type=\"section\">\n\t\t\t\t\t\t<div class=\"elementor-container elementor-column-gap-default\">\n\t\t\t\t\t\t\t<div class=\"elementor-row\">\n\t\t\t\t\t<div class=\"elementor-column elementor-col-100 elementor-top-column elementor-element elementor-element-468a11a\" data-id=\"468a11a\" data-element_type=\"column\">\n\t\t\t<div class=\"elementor-column-wrap elementor-element-populated\">\n\t\t\t\t\t\t\t<div class=\"elementor-widget-wrap\">\n\t\t\t\t\t\t<div class=\"elementor-element elementor-element-e2b4f79 e-transform elementor-widget elementor-widget-heading\" data-id=\"e2b4f79\" data-element_type=\"widget\" data-settings=\"{&quot;_transform_scale_effect&quot;:{&quot;unit&quot;:&quot;px&quot;,&quot;size&quot;:1.2,&quot;sizes&quot;:[]},&quot;_transform_scale_effect_tablet&quot;:{&quot;unit&quot;:&quot;px&quot;,&quot;size&quot;:&quot;&quot;,&quot;sizes&quot;:[]},&quot;_transform_scale_effect_mobile&quot;:{&quot;unit&quot;:&quot;px&quot;,&quot;size&quot;:&quot;&quot;,&quot;sizes&quot;:[]}}\" data-widget_type=\"heading.default\">\n\t\t\t\t<div class=\"elementor-widget-container\">\n\t\t\t<h4 class=\"elementor-heading-title elementor-size-medium\">NOS OFFRES DE SERVICES<\/h4>\t\t<\/div>\n\t\t\t\t<\/div>\n\t\t\t\t<div class=\"elementor-element elementor-element-7cac5d7 elementor-widget elementor-widget-heading\" data-id=\"7cac5d7\" data-element_type=\"widget\" data-widget_type=\"heading.default\">\n\t\t\t\t<div class=\"elementor-widget-container\">\n\t\t\t<h5 class=\"elementor-heading-title elementor-size-default\">Nous mettons notre expertise au service de vos projets artistiques et culturels, que ce soit pour des manifestations ponctuelles ou des missions plus longues \net\/ou r\u00e9guli\u00e8res.<\/h5>\t\t<\/div>\n\t\t\t\t<\/div>\n\t\t\t\t<div class=\"elementor-element elementor-element-7f6b1b6 elementor-pagination-position-inside elementor-arrows-position-inside elementor-widget elementor-widget-image-carousel\" data-id=\"7f6b1b6\" data-element_type=\"widget\" data-settings=\"{&quot;slides_to_show&quot;:&quot;1&quot;,&quot;slides_to_show_mobile&quot;:&quot;1&quot;,&quot;navigation&quot;:&quot;both&quot;,&quot;autoplay&quot;:&quot;yes&quot;,&quot;pause_on_hover&quot;:&quot;yes&quot;,&quot;pause_on_interaction&quot;:&quot;yes&quot;,&quot;autoplay_speed&quot;:5000,&quot;infinite&quot;:&quot;yes&quot;,&quot;effect&quot;:&quot;slide&quot;,&quot;speed&quot;:500}\" data-widget_type=\"image-carousel.default\">\n\t\t\t\t<div class=\"elementor-widget-container\">\n\t\t\t\t\t<div class=\"elementor-image-carousel-wrapper swiper-container\" dir=\"ltr\">\n\t\t\t<div class=\"elementor-image-carousel swiper-wrapper\" aria-live=\"off\">\n\t\t\t\t\t\t\t\t<div class=\"swiper-slide\" role=\"group\" aria-roledescription=\"slide\" aria-label=\"1 de 4\"><figure class=\"swiper-slide-inner\"><img decoding=\"async\" class=\"swiper-slide-image\" src=\"https:\/\/avrilenseptembre.fr\/wp-content\/uploads\/elementor\/thumbs\/Jour-de-Fete-Stadium-c-Raphael-Fournier-Plaine-Commune-scaled-qysmqi3fk6cm8yrto20xb9ds3tttbfvnoj5qwpci68.jpg\" alt=\"Conception et production de l&#039;\u00e9v\u00e8nement avec Vita Cultura @Raphael Fournier\" \/><figcaption class=\"elementor-image-carousel-caption\">Conception et production de l'\u00e9v\u00e8nement avec Vita Cultura @Raphael Fournier<\/figcaption><\/figure><\/div><div class=\"swiper-slide\" role=\"group\" aria-roledescription=\"slide\" aria-label=\"2 de 4\"><figure class=\"swiper-slide-inner\"><img decoding=\"async\" class=\"swiper-slide-image\" src=\"https:\/\/avrilenseptembre.fr\/wp-content\/uploads\/elementor\/thumbs\/Jour-de-Fete-Stadium11-c-Fabrice-Gaboriau-Plaine-Commune-scaled-qysnb2s95mikdovxiy6xw2h07gf1sxk56d8d2qu9z4.jpg\" alt=\"Conception et production de l&#039;\u00e9v\u00e8nement avec Vita Culturae dans le cadre des JOP commandit\u00e9 par Plaine Commune @Farice Gaboriau\" \/><figcaption class=\"elementor-image-carousel-caption\">Conception et production de l'\u00e9v\u00e8nement avec Vita Culturae dans le cadre des JOP commandit\u00e9 par Plaine Commune @Farice Gaboriau<\/figcaption><\/figure><\/div><div class=\"swiper-slide\" role=\"group\" aria-roledescription=\"slide\" aria-label=\"3 de 4\"><figure class=\"swiper-slide-inner\"><img decoding=\"async\" class=\"swiper-slide-image\" src=\"https:\/\/avrilenseptembre.fr\/wp-content\/uploads\/elementor\/thumbs\/IMG20230825193007-scaled-qysn2jf12stsx7aedrbxqq19ygi0vwnx03wl59i0hs.jpg\" alt=\"Immo au Festival d&#039;Aurillac @Mathilde Pautiers\" \/><figcaption class=\"elementor-image-carousel-caption\">Immo au Festival d'Aurillac @Mathilde Pautiers<\/figcaption><\/figure><\/div><div class=\"swiper-slide\" role=\"group\" aria-roledescription=\"slide\" aria-label=\"4 de 4\"><figure class=\"swiper-slide-inner\"><img decoding=\"async\" class=\"swiper-slide-image\" src=\"https:\/\/avrilenseptembre.fr\/wp-content\/uploads\/elementor\/thumbs\/DSC9458-\u00a9-Aldo-Sperber-@aldosperber-qysn07re6jna7wnwy9652t5935ycuuft0ludfmy1vk.jpg\" alt=\"Direction artistique de la remise de prix de l&#039;Acad\u00e9mie Hors Concours \u00e0 la Maison de la po\u00e9sie @Aldo Sperber\" \/><figcaption class=\"elementor-image-carousel-caption\">Direction artistique de la remise de prix de l'Acad\u00e9mie Hors Concours \u00e0 la Maison de la po\u00e9sie @Aldo Sperber<\/figcaption><\/figure><\/div>\t\t\t<\/div>\n\t\t\t\t\t\t\t\t\t\t\t\t<div class=\"elementor-swiper-button elementor-swiper-button-prev\" role=\"button\" tabindex=\"0\">\n\t\t\t\t\t\t<i aria-hidden=\"true\" class=\"eicon-chevron-left\"><\/i>\t\t\t\t\t<\/div>\n\t\t\t\t\t<div class=\"elementor-swiper-button elementor-swiper-button-next\" role=\"button\" tabindex=\"0\">\n\t\t\t\t\t\t<i aria-hidden=\"true\" class=\"eicon-chevron-right\"><\/i>\t\t\t\t\t<\/div>\n\t\t\t\t\n\t\t\t\t\t\t\t\t\t<div class=\"swiper-pagination\"><\/div>\n\t\t\t\t\t\t\t\t\t<\/div>\n\t\t\t\t<\/div>\n\t\t\t\t<\/div>\n\t\t\t\t<div class=\"elementor-element elementor-element-1dd56b4 elementor-widget elementor-widget-spacer\" data-id=\"1dd56b4\" data-element_type=\"widget\" data-widget_type=\"spacer.default\">\n\t\t\t\t<div class=\"elementor-widget-container\">\n\t\t\t\t\t<div class=\"elementor-spacer\">\n\t\t\t<div class=\"elementor-spacer-inner\"><\/div>\n\t\t<\/div>\n\t\t\t\t<\/div>\n\t\t\t\t<\/div>\n\t\t\t\t<div class=\"elementor-element elementor-element-f9bd6a1 elementor-widget elementor-widget-accordion\" data-id=\"f9bd6a1\" data-element_type=\"widget\" data-widget_type=\"accordion.default\">\n\t\t\t\t<div class=\"elementor-widget-container\">\n\t\t\t\t\t<div class=\"elementor-accordion\">\n\t\t\t\t\t\t\t<div class=\"elementor-accordion-item\">\n\t\t\t\t\t<div id=\"elementor-tab-title-2611\" class=\"elementor-tab-title\" data-tab=\"1\" role=\"button\" aria-controls=\"elementor-tab-content-2611\" aria-expanded=\"false\">\n\t\t\t\t\t\t\t\t\t\t\t\t\t<span class=\"elementor-accordion-icon elementor-accordion-icon-left\" aria-hidden=\"true\">\n\t\t\t\t\t\t\t\t\t\t\t\t\t\t\t<span class=\"elementor-accordion-icon-closed\"><i class=\"fas fa-plus\"><\/i><\/span>\n\t\t\t\t\t\t\t\t<span class=\"elementor-accordion-icon-opened\"><i class=\"fas fa-minus\"><\/i><\/span>\n\t\t\t\t\t\t\t\t\t\t\t\t\t\t<\/span>\n\t\t\t\t\t\t\t\t\t\t\t\t<a class=\"elementor-accordion-title\" tabindex=\"0\">POUR LES COLLECTIVIT\u00c9S, LIEUX OU ACTEURS DU PRIV\u00c9<\/a>\n\t\t\t\t\t<\/div>\n\t\t\t\t\t<div id=\"elementor-tab-content-2611\" class=\"elementor-tab-content elementor-clearfix\" data-tab=\"1\" role=\"region\" aria-labelledby=\"elementor-tab-title-2611\"><p><strong>Production &amp; pilotage op\u00e9rationnel<\/strong> <strong>d\u2019\u00e9v\u00e8nements, festivals, manifestations diverses\u00a0<\/strong><\/p><p><strong>Nous prenons en charge l\u2019int\u00e9gralit\u00e9 de la mise en \u0153uvre de votre \u00e9v\u00e8nement :<\/strong> <br \/>\u00c9criture d&rsquo;un concept en rapport au territoire et \u00e0 la commande, D\u00e9finition du contenu artistique, Identification de l\u2019ensemble des besoins, Budg\u00e9tisation, Coordination du projet, Gestion administrative, financi\u00e8re et juridique,&#8230;<\/p><p><strong>Direction artistique<\/strong> <strong>d\u2019un \u00e9v\u00e8nement culturel :<\/strong> <br \/>Mise en espace, mise en lumi\u00e8res et en son de votre \u00e9v\u00e8nement. Afin de valoriser au mieux votre manifestation et de mettre en sc\u00e8ne les interventions et le rythme\/visuel de l\u2019\u00e9v\u00e9nement.<\/p><p><strong>Cr\u00e9ation artistique\/mise en sc\u00e8ne<\/strong> <strong>de votre \u00e9v\u00e8nement<\/strong> (lancement ou cl\u00f4ture de saison, inauguration de lieu, c\u00e9l\u00e9bration diverse) :<br \/>Nous imaginons \u00e0 votre demande et selon vos crit\u00e8res esth\u00e9tiques, tous les formats possibles de cr\u00e9ations artistiques : pastilles courtes, impromptus, performances, spectacles, sur un champ disciplinaire assez large (musique, humour, cirque, danse), dans des lieux de repr\u00e9sentation mais \u00e9galement sur sites non d\u00e9di\u00e9s.<\/p><p><strong>Programmation \/ conseil en programmation :<\/strong><br \/>Depuis la prospection de propositions artistiques ad\u00e9quates au territoire, au budget disponible et \u00e0 ses publics, jusqu\u2019\u00e0 la coordination compl\u00e8te de cette saison (devis et validations financi\u00e8res pr\u00e9cises, \u00e9tudes techniques, planification, transmission des kits communication complets, accompagnement \u00e0 la promotion, etc.), nous pouvons\u00a0<strong>prendre en charge la programmation de votre \u00e9v\u00e9nement,<\/strong>\u00a0<strong>festival ou saison culturelle.<\/strong><\/p><\/div>\n\t\t\t\t<\/div>\n\t\t\t\t\t\t\t<div class=\"elementor-accordion-item\">\n\t\t\t\t\t<div id=\"elementor-tab-title-2612\" class=\"elementor-tab-title\" data-tab=\"2\" role=\"button\" aria-controls=\"elementor-tab-content-2612\" aria-expanded=\"false\">\n\t\t\t\t\t\t\t\t\t\t\t\t\t<span class=\"elementor-accordion-icon elementor-accordion-icon-left\" aria-hidden=\"true\">\n\t\t\t\t\t\t\t\t\t\t\t\t\t\t\t<span class=\"elementor-accordion-icon-closed\"><i class=\"fas fa-plus\"><\/i><\/span>\n\t\t\t\t\t\t\t\t<span class=\"elementor-accordion-icon-opened\"><i class=\"fas fa-minus\"><\/i><\/span>\n\t\t\t\t\t\t\t\t\t\t\t\t\t\t<\/span>\n\t\t\t\t\t\t\t\t\t\t\t\t<a class=\"elementor-accordion-title\" tabindex=\"0\">POUR LES COMPAGNIES ET LES ARTISTES<\/a>\n\t\t\t\t\t<\/div>\n\t\t\t\t\t<div id=\"elementor-tab-content-2612\" class=\"elementor-tab-content elementor-clearfix\" data-tab=\"2\" role=\"region\" aria-labelledby=\"elementor-tab-title-2612\"><p style=\"text-align: left;\"><strong>Conseil en d\u00e9veloppement \/ Accompagnement<\/strong><br \/>Aide \u00e0 la d\u00e9finition de la strat\u00e9gie globale, Conseil artistique, Conseil en communication et en techniques de production, diffusion, etc.<\/p><p style=\"text-align: left;\"><strong>En consultation ponctuelle ou sur plus long terme\u00a0:<\/strong> <br \/>\u00c9tat des lieux, Pr\u00e9cision des objectifs, Travail sur l\u2019image\/identit\u00e9, Identification des partenaires et des soutiens potentiels, Transmission d\u2019outils, Mise en relation\/r\u00e9seau, Conseil sur la production et diffusion.<\/p><p style=\"text-align: left;\"><strong>Missions ponctuelles de diffusion <br \/><\/strong>Pour le Festival Off d\u2019Avignon ou s\u00e9rie de dates \u00e0 Paris<\/p><\/div>\n\t\t\t\t<\/div>\n\t\t\t\t\t\t\t<div class=\"elementor-accordion-item\">\n\t\t\t\t\t<div id=\"elementor-tab-title-2613\" class=\"elementor-tab-title\" data-tab=\"3\" role=\"button\" aria-controls=\"elementor-tab-content-2613\" aria-expanded=\"false\">\n\t\t\t\t\t\t\t\t\t\t\t\t\t<span class=\"elementor-accordion-icon elementor-accordion-icon-left\" aria-hidden=\"true\">\n\t\t\t\t\t\t\t\t\t\t\t\t\t\t\t<span class=\"elementor-accordion-icon-closed\"><i class=\"fas fa-plus\"><\/i><\/span>\n\t\t\t\t\t\t\t\t<span class=\"elementor-accordion-icon-opened\"><i class=\"fas fa-minus\"><\/i><\/span>\n\t\t\t\t\t\t\t\t\t\t\t\t\t\t<\/span>\n\t\t\t\t\t\t\t\t\t\t\t\t<a class=\"elementor-accordion-title\" tabindex=\"0\">NOUS LES AVONS ACCOMPAGN\u00c9S ET D\u00c9VELOPP\u00c9S<\/a>\n\t\t\t\t\t<\/div>\n\t\t\t\t\t<div id=\"elementor-tab-content-2613\" class=\"elementor-tab-content elementor-clearfix\" data-tab=\"3\" role=\"region\" aria-labelledby=\"elementor-tab-title-2613\"><p>Art Move Concept, La Fran\u00e7aise de Comptages, L\u2019\u00e9quipe de Zorbalov et l\u2019Orgue magique, Les \u00e9quipes de Amapola Quartet et de Maria Dolores y Habbibi Starlight, Nawel Dombrowsky,Les Sea Girls (11 ans), Lou Casa, Les Paraconteurs, La Troupe du Ph\u00e9nix, Elise Roche, Cie de l\u2019Arcade, Emmanuel Bemer, Cie Zou, Khalid K, Anne Bacquet, Ami Karim, Milo &amp; Olivia, Cie Onstap, Eltho cie, Nid de coucou, l\u2019\u00e9quipe de Speculum\/Cie mi-fugue mi-raison, Cie Label Z \/Chorale Public , Le Friiix Club\/Mano Dino.<\/p><\/div>\n\t\t\t\t<\/div>\n\t\t\t\t\t\t\t\t<\/div>\n\t\t\t\t<\/div>\n\t\t\t\t<\/div>\n\t\t\t\t<div class=\"elementor-element elementor-element-2f8bb45 elementor-widget elementor-widget-spacer\" data-id=\"2f8bb45\" data-element_type=\"widget\" data-widget_type=\"spacer.default\">\n\t\t\t\t<div class=\"elementor-widget-container\">\n\t\t\t\t\t<div class=\"elementor-spacer\">\n\t\t\t<div class=\"elementor-spacer-inner\"><\/div>\n\t\t<\/div>\n\t\t\t\t<\/div>\n\t\t\t\t<\/div>\n\t\t\t\t<div class=\"elementor-element elementor-element-a6beae6 e-transform elementor-widget elementor-widget-heading\" data-id=\"a6beae6\" data-element_type=\"widget\" data-settings=\"{&quot;_transform_scale_effect&quot;:{&quot;unit&quot;:&quot;px&quot;,&quot;size&quot;:1.2,&quot;sizes&quot;:[]},&quot;_transform_scale_effect_tablet&quot;:{&quot;unit&quot;:&quot;px&quot;,&quot;size&quot;:&quot;&quot;,&quot;sizes&quot;:[]},&quot;_transform_scale_effect_mobile&quot;:{&quot;unit&quot;:&quot;px&quot;,&quot;size&quot;:&quot;&quot;,&quot;sizes&quot;:[]}}\" data-widget_type=\"heading.default\">\n\t\t\t\t<div class=\"elementor-widget-container\">\n\t\t\t<h3 class=\"elementor-heading-title elementor-size-medium\">NOTRE EXPERTISE<\/h3>\t\t<\/div>\n\t\t\t\t<\/div>\n\t\t\t\t<div class=\"elementor-element elementor-element-3779c2a elementor-widget elementor-widget-image\" data-id=\"3779c2a\" data-element_type=\"widget\" data-widget_type=\"image.default\">\n\t\t\t\t<div class=\"elementor-widget-container\">\n\t\t\t\t\t\t\t\t<div class=\"elementor-image\">\n\t\t\t\t\t\t\t\t\t\t\t\t<img decoding=\"async\" width=\"804\" height=\"600\" src=\"https:\/\/avrilenseptembre.fr\/wp-content\/uploads\/2025\/01\/NOTRE-EXPERTISE.png\" class=\"attachment-full size-full wp-image-9390\" alt=\"\" loading=\"lazy\" srcset=\"https:\/\/avrilenseptembre.fr\/wp-content\/uploads\/2025\/01\/NOTRE-EXPERTISE.png 804w, https:\/\/avrilenseptembre.fr\/wp-content\/uploads\/2025\/01\/NOTRE-EXPERTISE-300x224.png 300w, https:\/\/avrilenseptembre.fr\/wp-content\/uploads\/2025\/01\/NOTRE-EXPERTISE-768x573.png 768w\" sizes=\"(max-width: 804px) 100vw, 804px\" \/>\t\t\t\t\t\t\t\t\t\t\t\t\t\t<\/div>\n\t\t\t\t\t\t<\/div>\n\t\t\t\t<\/div>\n\t\t\t\t\t\t<\/div>\n\t\t\t\t\t<\/div>\n\t\t<\/div>\n\t\t\t\t\t\t\t\t<\/div>\n\t\t\t\t\t<\/div>\n\t\t<\/section>\n\t\t\t\t\t\t\t\t\t<\/div>\n\t\t\t<\/div>\n\t\t\t\t\t<\/div>\n\t\t","protected":false},"excerpt":{"rendered":"<p>NOS OFFRES DE SERVICES Nous mettons notre expertise au service de vos projets artistiques et culturels, que ce soit pour des manifestations ponctuelles ou des missions plus longues et\/ou r\u00e9guli\u00e8res. Conception et production de l&rsquo;\u00e9v\u00e8nement avec Vita Cultura @Raphael Fournier Conception et production de l&rsquo;\u00e9v\u00e8nement avec Vita Culturae dans le cadre des JOP commandit\u00e9 par &hellip; <a href=\"https:\/\/avrilenseptembre.fr\/index.php\/offre-de-services\/\" class=\"more-link\">Continuer la lecture de <span class=\"screen-reader-text\">OFFRE DE SERVICES<\/span><\/a><\/p>\n","protected":false},"author":1,"featured_media":0,"parent":0,"menu_order":0,"comment_status":"closed","ping_status":"closed","template":"elementor_header_footer","meta":{"sfsi_plus_gutenberg_text_before_share":"","sfsi_plus_gutenberg_show_text_before_share":"","sfsi_plus_gutenberg_icon_type":"","sfsi_plus_gutenberg_icon_alignemt":"","sfsi_plus_gutenburg_max_per_row":"","_mi_skip_tracking":false,"_monsterinsights_sitenote_active":false,"_monsterinsights_sitenote_note":"","_monsterinsights_sitenote_category":0},"aioseo_notices":[],"_links":{"self":[{"href":"https:\/\/avrilenseptembre.fr\/index.php\/wp-json\/wp\/v2\/pages\/9061"}],"collection":[{"href":"https:\/\/avrilenseptembre.fr\/index.php\/wp-json\/wp\/v2\/pages"}],"about":[{"href":"https:\/\/avrilenseptembre.fr\/index.php\/wp-json\/wp\/v2\/types\/page"}],"author":[{"embeddable":true,"href":"https:\/\/avrilenseptembre.fr\/index.php\/wp-json\/wp\/v2\/users\/1"}],"replies":[{"embeddable":true,"href":"https:\/\/avrilenseptembre.fr\/index.php\/wp-json\/wp\/v2\/comments?post=9061"}],"version-history":[{"count":101,"href":"https:\/\/avrilenseptembre.fr\/index.php\/wp-json\/wp\/v2\/pages\/9061\/revisions"}],"predecessor-version":[{"id":11495,"href":"https:\/\/avrilenseptembre.fr\/index.php\/wp-json\/wp\/v2\/pages\/9061\/revisions\/11495"}],"wp:attachment":[{"href":"https:\/\/avrilenseptembre.fr\/index.php\/wp-json\/wp\/v2\/media?parent=9061"}],"curies":[{"name":"wp","href":"https:\/\/api.w.org\/{rel}","templated":true}]}}